{"id":4965,"date":"2023-05-11T10:16:18","date_gmt":"2023-05-11T10:16:18","guid":{"rendered":"https:\/\/villassardinia.net\/?page_id=4965"},"modified":"2025-01-24T15:12:59","modified_gmt":"2025-01-24T15:12:59","slug":"villa-in-affitto-a-stintino","status":"publish","type":"page","link":"https:\/\/villassardinia.net\/it\/villa-rental-stintino\/","title":{"rendered":"Affitto Villa Stintino"},"content":{"rendered":"<div data-elementor-type=\"wp-page\" data-elementor-id=\"4965\" class=\"elementor elementor-4965\">\n\t\t\t\t\t\t<section class=\"elementor-section elementor-top-section elementor-element elementor-element-b62ceff elementor-section-boxed elementor-section-height-default elementor-section-height-default\" data-id=\"b62ceff\" data-element_type=\"section\" data-e-type=\"section\">\n\t\t\t\t\t\t<div class=\"elementor-container elementor-column-gap-default\">\n\t\t\t\t\t<div class=\"elementor-column elementor-col-100 elementor-top-column elementor-element elementor-element-0d99ad8\" data-id=\"0d99ad8\" data-element_type=\"column\" data-e-type=\"column\">\n\t\t\t<div class=\"elementor-widget-wrap elementor-element-populated\">\n\t\t\t\t\t\t<div class=\"elementor-element elementor-element-bf31880 elementor-widget elementor-widget-text-editor\" data-id=\"bf31880\" data-element_type=\"widget\" data-e-type=\"widget\" data-widget_type=\"text-editor.default\">\n\t\t\t\t<div class=\"elementor-widget-container\">\n\t\t\t\t\t\t\t\t\t<h1>Affitto Villa Stintino<\/h1>\t\t\t\t\t\t\t\t<\/div>\n\t\t\t\t<\/div>\n\t\t\t\t<div class=\"elementor-element elementor-element-0cf5cb7 elementor-widget elementor-widget-text-editor\" data-id=\"0cf5cb7\" data-element_type=\"widget\" data-e-type=\"widget\" data-widget_type=\"text-editor.default\">\n\t\t\t\t<div class=\"elementor-widget-container\">\n\t\t\t\t\t\t\t\t\t<h3>Stintino \u00e8 una piccola citt\u00e0 situata nella parte nord-occidentale dell'isola italiana di Sardegna. \u00c8 molto apprezzata dai turisti per le sue splendide spiagge, le acque limpide e le bellezze naturali.<\/h3><p>Uno dei modi migliori per vivere la citt\u00e0 e le zone circostanti \u00e8 affittare una villa. L'affitto di una villa a Stintino offre ai visitatori un senso di privacy e tranquillit\u00e0, rendendola un'opzione ideale per famiglie, coppie o gruppi di amici.<br \/><br \/>Le ville di Stintino sono dotate di tutti i comfort moderni, tra cui Wi-Fi, aria condizionata e spazi esterni con viste mozzafiato. Spesso si trovano in zone tranquille, circondate da una rigogliosa vegetazione mediterranea, con piscine e giardini privati.<br \/><br \/>L'affitto di una villa a Stintino \u00e8 perfetto per chi cerca una vacanza tranquilla e rilassante, lontano dal trambusto della vita urbana. \u00c8 anche la base perfetta per esplorare le bellissime spiagge, le calette e le attrazioni vicine, come il meraviglioso Parco Nazionale dell'Asinara.<\/p>\t\t\t\t\t\t\t\t<\/div>\n\t\t\t\t<\/div>\n\t\t\t\t\t<\/div>\n\t\t<\/div>\n\t\t\t\t\t<\/div>\n\t\t<\/section>\n\t\t\t\t<\/div>","protected":false},"excerpt":{"rendered":"<p>Villa Rental Stintino Stintino is a small town located in the northwestern part of the Italian island of Sardinia. It is popular among tourists for its stunning beaches, clear waters, and natural beauty. One of the best ways to experience the town and the surrounding areas is by renting a villa. Villa rental in Stintino [&hellip;]<\/p>\n","protected":false},"author":1,"featured_media":6101,"parent":0,"menu_order":0,"comment_status":"closed","ping_status":"closed","template":"","meta":{"_acf_changed":false,"site-sidebar-layout":"default","site-content-layout":"","ast-site-content-layout":"default","site-content-style":"default","site-sidebar-style":"default","ast-global-header-display":"","ast-banner-title-visibility":"","ast-main-header-display":"","ast-hfb-above-header-display":"","ast-hfb-below-header-display":"","ast-hfb-mobile-header-display":"","site-post-title":"","ast-breadcrumbs-content":"","ast-featured-img":"","footer-sml-layout":"","ast-disable-related-posts":"","theme-transparent-header-meta":"","adv-header-id-meta":"","stick-header-meta":"","header-above-stick-meta":"","header-main-stick-meta":"","header-below-stick-meta":"","astra-migrate-meta-layouts":"default","ast-page-background-enabled":"default","ast-page-background-meta":{"desktop":{"background-color":"","background-image":"","background-repeat":"repeat","background-position":"center center","background-size":"auto","background-attachment":"scroll","background-type":"","background-media":"","overlay-type":"","overlay-color":"","overlay-opacity":"","overlay-gradient":""},"tablet":{"background-color":"","background-image":"","background-repeat":"repeat","background-position":"center center","background-size":"auto","background-attachment":"scroll","background-type":"","background-media":"","overlay-type":"","overlay-color":"","overlay-opacity":"","overlay-gradient":""},"mobile":{"background-color":"","background-image":"","background-repeat":"repeat","background-position":"center center","background-size":"auto","background-attachment":"scroll","background-type":"","background-media":"","overlay-type":"","overlay-color":"","overlay-opacity":"","overlay-gradient":""}},"ast-content-background-meta":{"desktop":{"background-color":"var(--ast-global-color-5)","background-image":"","background-repeat":"repeat","background-position":"center center","background-size":"auto","background-attachment":"scroll","background-type":"","background-media":"","overlay-type":"","overlay-color":"","overlay-opacity":"","overlay-gradient":""},"tablet":{"background-color":"var(--ast-global-color-5)","background-image":"","background-repeat":"repeat","background-position":"center center","background-size":"auto","background-attachment":"scroll","background-type":"","background-media":"","overlay-type":"","overlay-color":"","overlay-opacity":"","overlay-gradient":""},"mobile":{"background-color":"var(--ast-global-color-5)","background-image":"","background-repeat":"repeat","background-position":"center center","background-size":"auto","background-attachment":"scroll","background-type":"","background-media":"","overlay-type":"","overlay-color":"","overlay-opacity":"","overlay-gradient":""}},"iawp_total_views":87,"footnotes":""},"class_list":["post-4965","page","type-page","status-publish","has-post-thumbnail","hentry"],"acf":[],"_links":{"self":[{"href":"https:\/\/villassardinia.net\/it\/wp-json\/wp\/v2\/pages\/4965","targetHints":{"allow":["GET"]}}],"collection":[{"href":"https:\/\/villassardinia.net\/it\/wp-json\/wp\/v2\/pages"}],"about":[{"href":"https:\/\/villassardinia.net\/it\/wp-json\/wp\/v2\/types\/page"}],"author":[{"embeddable":true,"href":"https:\/\/villassardinia.net\/it\/wp-json\/wp\/v2\/users\/1"}],"replies":[{"embeddable":true,"href":"https:\/\/villassardinia.net\/it\/wp-json\/wp\/v2\/comments?post=4965"}],"version-history":[{"count":0,"href":"https:\/\/villassardinia.net\/it\/wp-json\/wp\/v2\/pages\/4965\/revisions"}],"wp:featuredmedia":[{"embeddable":true,"href":"https:\/\/villassardinia.net\/it\/wp-json\/wp\/v2\/media\/6101"}],"wp:attachment":[{"href":"https:\/\/villassardinia.net\/it\/wp-json\/wp\/v2\/media?parent=4965"}],"curies":[{"name":"wp","href":"https:\/\/api.w.org\/{rel}","templated":true}]}}