{"id":4932,"date":"2023-05-11T09:44:31","date_gmt":"2023-05-11T09:44:31","guid":{"rendered":"https:\/\/villassardinia.net\/?page_id=4932"},"modified":"2025-01-27T14:02:29","modified_gmt":"2025-01-27T14:02:29","slug":"affitto-villa-la-maddalena","status":"publish","type":"page","link":"https:\/\/villassardinia.net\/it\/villa-rental-la-maddalena\/","title":{"rendered":"Affitto ville a La Maddalena"},"content":{"rendered":"<div data-elementor-type=\"wp-page\" data-elementor-id=\"4932\" class=\"elementor elementor-4932\">\n\t\t\t\t\t\t<section class=\"elementor-section elementor-top-section elementor-element elementor-element-b62ceff elementor-section-boxed elementor-section-height-default elementor-section-height-default\" data-id=\"b62ceff\" data-element_type=\"section\" data-e-type=\"section\">\n\t\t\t\t\t\t<div class=\"elementor-container elementor-column-gap-default\">\n\t\t\t\t\t<div class=\"elementor-column elementor-col-100 elementor-top-column elementor-element elementor-element-0d99ad8\" data-id=\"0d99ad8\" data-element_type=\"column\" data-e-type=\"column\">\n\t\t\t<div class=\"elementor-widget-wrap elementor-element-populated\">\n\t\t\t\t\t\t<div class=\"elementor-element elementor-element-bf31880 elementor-widget elementor-widget-text-editor\" data-id=\"bf31880\" data-element_type=\"widget\" data-e-type=\"widget\" data-widget_type=\"text-editor.default\">\n\t\t\t\t<div class=\"elementor-widget-container\">\n\t\t\t\t\t\t\t\t\t<h1>Affitto Villa La Maddalena &amp; Nord Est Sardegna<\/h1>\t\t\t\t\t\t\t\t<\/div>\n\t\t\t\t<\/div>\n\t\t\t\t<div class=\"elementor-element elementor-element-0cf5cb7 elementor-widget elementor-widget-text-editor\" data-id=\"0cf5cb7\" data-element_type=\"widget\" data-e-type=\"widget\" data-widget_type=\"text-editor.default\">\n\t\t\t\t<div class=\"elementor-widget-container\">\n\t\t\t\t\t\t\t\t\t<h3>La Maddalena, in Sardegna, \u00e8 nota per le sue bellissime spiagge e le sue acque cristalline. Affittare una villa in questa zona \u00e8 un ottimo modo per godersi tutto ci\u00f2 che l&#039;isola ha da offrire.<\/h3><p>Con la sua piscina privata, l&#039;accesso alla spiaggia e la zona pranzo all&#039;aperto, una villa in affitto a La Maddalena \u00e8 perfetta per famiglie o gruppi di amici. Molte ville presentano interni moderni ed eleganti, con comfort quali aria condizionata, Wi-Fi e una cucina completamente attrezzata. Sono disponibili anche ville che soddisfano esigenze specifiche, come ville che accettano animali domestici o quelle con accesso per sedia a rotelle. Con numerose attivit\u00e0 nella zona come escursioni, sport acquatici ed esplorazione della citt\u00e0 locale, una villa in affitto a La Maddalena \u00e8 una destinazione ideale per le vacanze.<\/p>\t\t\t\t\t\t\t\t<\/div>\n\t\t\t\t<\/div>\n\t\t\t\t\t<\/div>\n\t\t<\/div>\n\t\t\t\t\t<\/div>\n\t\t<\/section>\n\t\t\t\t<section class=\"elementor-section elementor-top-section elementor-element elementor-element-bb0ea81 elementor-section-boxed elementor-section-height-default elementor-section-height-default\" data-id=\"bb0ea81\" data-element_type=\"section\" data-e-type=\"section\">\n\t\t\t\t\t\t<div class=\"elementor-container elementor-column-gap-default\">\n\t\t\t\t\t<div class=\"elementor-column elementor-col-100 elementor-top-column elementor-element elementor-element-1571aea\" data-id=\"1571aea\" data-element_type=\"column\" data-e-type=\"column\">\n\t\t\t<div class=\"elementor-widget-wrap\">\n\t\t\t\t\t\t\t<\/div>\n\t\t<\/div>\n\t\t\t\t\t<\/div>\n\t\t<\/section>\n\t\t\t\t<\/div>","protected":false},"excerpt":{"rendered":"<p>Villa Rental La Maddalena &amp; North East Sardinia La Maddalena, Sardinia is known for its beautiful beaches and crystal-clear waters. A villa rental in this area is a great way to enjoy all that the island has to offer. With its own private pool, beach access, and outdoor dining area, a villa rental in La [&hellip;]<\/p>\n","protected":false},"author":1,"featured_media":6103,"parent":0,"menu_order":0,"comment_status":"closed","ping_status":"closed","template":"","meta":{"_acf_changed":false,"site-sidebar-layout":"default","site-content-layout":"","ast-site-content-layout":"default","site-content-style":"default","site-sidebar-style":"default","ast-global-header-display":"","ast-banner-title-visibility":"","ast-main-header-display":"","ast-hfb-above-header-display":"","ast-hfb-below-header-display":"","ast-hfb-mobile-header-display":"","site-post-title":"","ast-breadcrumbs-content":"","ast-featured-img":"","footer-sml-layout":"","ast-disable-related-posts":"","theme-transparent-header-meta":"","adv-header-id-meta":"","stick-header-meta":"","header-above-stick-meta":"","header-main-stick-meta":"","header-below-stick-meta":"","astra-migrate-meta-layouts":"default","ast-page-background-enabled":"default","ast-page-background-meta":{"desktop":{"background-color":"","background-image":"","background-repeat":"repeat","background-position":"center center","background-size":"auto","background-attachment":"scroll","background-type":"","background-media":"","overlay-type":"","overlay-color":"","overlay-opacity":"","overlay-gradient":""},"tablet":{"background-color":"","background-image":"","background-repeat":"repeat","background-position":"center center","background-size":"auto","background-attachment":"scroll","background-type":"","background-media":"","overlay-type":"","overlay-color":"","overlay-opacity":"","overlay-gradient":""},"mobile":{"background-color":"","background-image":"","background-repeat":"repeat","background-position":"center center","background-size":"auto","background-attachment":"scroll","background-type":"","background-media":"","overlay-type":"","overlay-color":"","overlay-opacity":"","overlay-gradient":""}},"ast-content-background-meta":{"desktop":{"background-color":"var(--ast-global-color-5)","background-image":"","background-repeat":"repeat","background-position":"center center","background-size":"auto","background-attachment":"scroll","background-type":"","background-media":"","overlay-type":"","overlay-color":"","overlay-opacity":"","overlay-gradient":""},"tablet":{"background-color":"var(--ast-global-color-5)","background-image":"","background-repeat":"repeat","background-position":"center center","background-size":"auto","background-attachment":"scroll","background-type":"","background-media":"","overlay-type":"","overlay-color":"","overlay-opacity":"","overlay-gradient":""},"mobile":{"background-color":"var(--ast-global-color-5)","background-image":"","background-repeat":"repeat","background-position":"center center","background-size":"auto","background-attachment":"scroll","background-type":"","background-media":"","overlay-type":"","overlay-color":"","overlay-opacity":"","overlay-gradient":""}},"iawp_total_views":172,"footnotes":""},"class_list":["post-4932","page","type-page","status-publish","has-post-thumbnail","hentry"],"acf":[],"_links":{"self":[{"href":"https:\/\/villassardinia.net\/it\/wp-json\/wp\/v2\/pages\/4932","targetHints":{"allow":["GET"]}}],"collection":[{"href":"https:\/\/villassardinia.net\/it\/wp-json\/wp\/v2\/pages"}],"about":[{"href":"https:\/\/villassardinia.net\/it\/wp-json\/wp\/v2\/types\/page"}],"author":[{"embeddable":true,"href":"https:\/\/villassardinia.net\/it\/wp-json\/wp\/v2\/users\/1"}],"replies":[{"embeddable":true,"href":"https:\/\/villassardinia.net\/it\/wp-json\/wp\/v2\/comments?post=4932"}],"version-history":[{"count":0,"href":"https:\/\/villassardinia.net\/it\/wp-json\/wp\/v2\/pages\/4932\/revisions"}],"wp:featuredmedia":[{"embeddable":true,"href":"https:\/\/villassardinia.net\/it\/wp-json\/wp\/v2\/media\/6103"}],"wp:attachment":[{"href":"https:\/\/villassardinia.net\/it\/wp-json\/wp\/v2\/media?parent=4932"}],"curies":[{"name":"wp","href":"https:\/\/api.w.org\/{rel}","templated":true}]}}