{"id":7866,"date":"2025-01-23T15:11:51","date_gmt":"2025-01-23T15:11:51","guid":{"rendered":"https:\/\/villassardinia.net\/?page_id=7866"},"modified":"2025-01-24T14:22:01","modified_gmt":"2025-01-24T14:22:01","slug":"villas-de-luxe-a-alghero","status":"publish","type":"page","link":"https:\/\/villassardinia.net\/fr\/luxury-alghero-villas\/","title":{"rendered":"Villas de luxe \u00e0 Alghero"},"content":{"rendered":"<div data-elementor-type=\"wp-page\" data-elementor-id=\"7866\" class=\"elementor elementor-7866\">\n\t\t\t\t\t\t<section class=\"elementor-section elementor-top-section elementor-element elementor-element-1bb9c41 elementor-section-boxed elementor-section-height-default elementor-section-height-default\" data-id=\"1bb9c41\" data-element_type=\"section\" data-e-type=\"section\">\n\t\t\t\t\t\t<div class=\"elementor-container elementor-column-gap-default\">\n\t\t\t\t\t<div class=\"elementor-column elementor-col-100 elementor-top-column elementor-element elementor-element-f357822\" data-id=\"f357822\" data-element_type=\"column\" data-e-type=\"column\">\n\t\t\t<div class=\"elementor-widget-wrap elementor-element-populated\">\n\t\t\t\t\t\t<div class=\"elementor-element elementor-element-802bf6d elementor-widget elementor-widget-text-editor\" data-id=\"802bf6d\" data-element_type=\"widget\" data-e-type=\"widget\" data-widget_type=\"text-editor.default\">\n\t\t\t\t<div class=\"elementor-widget-container\">\n\t\t\t\t\t\t\t\t\t<h1>Location de villa de luxe \u00e0 Alghero<\/h1>\t\t\t\t\t\t\t\t<\/div>\n\t\t\t\t<\/div>\n\t\t\t\t<div class=\"elementor-element elementor-element-aa95de5 elementor-widget elementor-widget-text-editor\" data-id=\"aa95de5\" data-element_type=\"widget\" data-e-type=\"widget\" data-widget_type=\"text-editor.default\">\n\t\t\t\t<div class=\"elementor-widget-container\">\n\t\t\t\t\t\t\t\t\t<p>D\u00e9couvrez notre collection de <strong>villas de luxe en Sardaigne<\/strong> et s\u00e9lectionnez la location de vacances id\u00e9ale sur la deuxi\u00e8me plus grande \u00eele d'Italie. Immergez-vous dans les paysages sauvages et intacts, les plages de sable blanc exceptionnelles, les r\u00e9cifs et les dunes aux eaux cristallines. Ne manquez pas de visiter les villages m\u00e9di\u00e9vaux uniques et anim\u00e9s de la Sardaigne. D\u00e9couvrez les vestiges de la civilisation nuragique, une tribu des peuples de la mer, avec ses puits sacr\u00e9s, la tombe des g\u00e9ants, Su Romanzesu \u00e0 Bitti, et divers autres sites religieux. Pratiquez la planche \u00e0 voile et le kitesurf, la p\u00eache et de nombreuses activit\u00e9s sous le soleil de la Sardaigne.<\/p>\t\t\t\t\t\t\t\t<\/div>\n\t\t\t\t<\/div>\n\t\t\t\t\t<\/div>\n\t\t<\/div>\n\t\t\t\t\t<\/div>\n\t\t<\/section>\n\t\t\t\t<\/div>","protected":false},"excerpt":{"rendered":"<p>Luxury Villa Rental in Alghero Explore our collection of luxury villas in Sardinia and select the ideal vacation rental on Italy&#8217;s second-largest island. Immerse yourself in the untouched, rugged landscapes, exceptional white sandy beaches, and crystal-clear reefs and dunes. Be sure to visit the unique and vibrant medieval villages of Sardinia. Uncover the remnants of [&hellip;]<\/p>\n","protected":false},"author":1,"featured_media":0,"parent":0,"menu_order":0,"comment_status":"closed","ping_status":"closed","template":"","meta":{"_acf_changed":false,"site-sidebar-layout":"default","site-content-layout":"","ast-site-content-layout":"default","site-content-style":"default","site-sidebar-style":"default","ast-global-header-display":"","ast-banner-title-visibility":"","ast-main-header-display":"","ast-hfb-above-header-display":"","ast-hfb-below-header-display":"","ast-hfb-mobile-header-display":"","site-post-title":"","ast-breadcrumbs-content":"","ast-featured-img":"","footer-sml-layout":"","ast-disable-related-posts":"","theme-transparent-header-meta":"","adv-header-id-meta":"","stick-header-meta":"","header-above-stick-meta":"","header-main-stick-meta":"","header-below-stick-meta":"","astra-migrate-meta-layouts":"default","ast-page-background-enabled":"default","ast-page-background-meta":{"desktop":{"background-color":"","background-image":"","background-repeat":"repeat","background-position":"center center","background-size":"auto","background-attachment":"scroll","background-type":"","background-media":"","overlay-type":"","overlay-color":"","overlay-opacity":"","overlay-gradient":""},"tablet":{"background-color":"","background-image":"","background-repeat":"repeat","background-position":"center center","background-size":"auto","background-attachment":"scroll","background-type":"","background-media":"","overlay-type":"","overlay-color":"","overlay-opacity":"","overlay-gradient":""},"mobile":{"background-color":"","background-image":"","background-repeat":"repeat","background-position":"center center","background-size":"auto","background-attachment":"scroll","background-type":"","background-media":"","overlay-type":"","overlay-color":"","overlay-opacity":"","overlay-gradient":""}},"ast-content-background-meta":{"desktop":{"background-color":"var(--ast-global-color-5)","background-image":"","background-repeat":"repeat","background-position":"center center","background-size":"auto","background-attachment":"scroll","background-type":"","background-media":"","overlay-type":"","overlay-color":"","overlay-opacity":"","overlay-gradient":""},"tablet":{"background-color":"var(--ast-global-color-5)","background-image":"","background-repeat":"repeat","background-position":"center center","background-size":"auto","background-attachment":"scroll","background-type":"","background-media":"","overlay-type":"","overlay-color":"","overlay-opacity":"","overlay-gradient":""},"mobile":{"background-color":"var(--ast-global-color-5)","background-image":"","background-repeat":"repeat","background-position":"center center","background-size":"auto","background-attachment":"scroll","background-type":"","background-media":"","overlay-type":"","overlay-color":"","overlay-opacity":"","overlay-gradient":""}},"iawp_total_views":251,"footnotes":""},"class_list":["post-7866","page","type-page","status-publish","hentry"],"acf":[],"_links":{"self":[{"href":"https:\/\/villassardinia.net\/fr\/wp-json\/wp\/v2\/pages\/7866","targetHints":{"allow":["GET"]}}],"collection":[{"href":"https:\/\/villassardinia.net\/fr\/wp-json\/wp\/v2\/pages"}],"about":[{"href":"https:\/\/villassardinia.net\/fr\/wp-json\/wp\/v2\/types\/page"}],"author":[{"embeddable":true,"href":"https:\/\/villassardinia.net\/fr\/wp-json\/wp\/v2\/users\/1"}],"replies":[{"embeddable":true,"href":"https:\/\/villassardinia.net\/fr\/wp-json\/wp\/v2\/comments?post=7866"}],"version-history":[{"count":0,"href":"https:\/\/villassardinia.net\/fr\/wp-json\/wp\/v2\/pages\/7866\/revisions"}],"wp:attachment":[{"href":"https:\/\/villassardinia.net\/fr\/wp-json\/wp\/v2\/media?parent=7866"}],"curies":[{"name":"wp","href":"https:\/\/api.w.org\/{rel}","templated":true}]}}