{"id":4642,"date":"2022-07-21T11:28:43","date_gmt":"2022-07-21T11:28:43","guid":{"rendered":"https:\/\/villassardinia.net\/?page_id=4642"},"modified":"2023-05-09T13:24:42","modified_gmt":"2023-05-09T13:24:42","slug":"alquiler-villa-costa-smeralda","status":"publish","type":"page","link":"https:\/\/villassardinia.net\/es\/villa-rental-costa-smeralda\/","title":{"rendered":"Alquiler de villas en Costa Esmeralda"},"content":{"rendered":"<div data-elementor-type=\"wp-page\" data-elementor-id=\"4642\" class=\"elementor elementor-4642\">\n\t\t\t\t\t\t<section class=\"elementor-section elementor-top-section elementor-element elementor-element-f6c1fe3 elementor-section-boxed elementor-section-height-default elementor-section-height-default\" data-id=\"f6c1fe3\" data-element_type=\"section\" data-e-type=\"section\">\n\t\t\t\t\t\t<div class=\"elementor-container elementor-column-gap-default\">\n\t\t\t\t\t<div class=\"elementor-column elementor-col-100 elementor-top-column elementor-element elementor-element-c6ad72a\" data-id=\"c6ad72a\" data-element_type=\"column\" data-e-type=\"column\">\n\t\t\t<div class=\"elementor-widget-wrap elementor-element-populated\">\n\t\t\t\t\t\t<div class=\"elementor-element elementor-element-ef0e872 elementor-widget elementor-widget-text-editor\" data-id=\"ef0e872\" data-element_type=\"widget\" data-e-type=\"widget\" data-widget_type=\"text-editor.default\">\n\t\t\t\t<div class=\"elementor-widget-container\">\n\t\t\t\t\t\t\t\t\t<h1>Alquiler Villa Costa Smeralda Cerde\u00f1a<\/h1>\t\t\t\t\t\t\t\t<\/div>\n\t\t\t\t<\/div>\n\t\t\t\t<div class=\"elementor-element elementor-element-58bd177 elementor-widget elementor-widget-text-editor\" data-id=\"58bd177\" data-element_type=\"widget\" data-e-type=\"widget\" data-widget_type=\"text-editor.default\">\n\t\t\t\t<div class=\"elementor-widget-container\">\n\t\t\t\t\t\t\t\t\tCosta Esmeralda es un impresionante destino de Cerde\u00f1a, conocido por sus aguas cristalinas y sus hermosas playas. Si est\u00e1 planeando un viaje a este para\u00edso, considere la posibilidad de alquilar una villa. Hay muchas opciones disponibles, desde lujosos espacios con piscinas y jardines privados, hasta acogedores apartamentos con impresionantes vistas al mar.<br><br>El alquiler de villas en Costa Esmeralda ofrece una experiencia \u00fanica y exclusiva, que le permite disfrutar de la privacidad y la comodidad de su propio hogar, mientras se encuentra rodeado de la impresionante belleza natural de la zona. Muchas de las villas est\u00e1n equipadas con comodidades modernas, como aire acondicionado, Wi-Fi y TV v\u00eda sat\u00e9lite.<br><br>Al reservar una villa, tenga en cuenta el tama\u00f1o de su grupo y la ubicaci\u00f3n deseada. Algunas villas est\u00e1n situadas directamente en la playa, mientras que otras ofrecen impresionantes vistas de las monta\u00f1as circundantes. Sea cual sea su preferencia, alquilar una villa en Costa Esmeralda es una experiencia inolvidable que le dejar\u00e1 recuerdos para toda la vida.\t\t\t\t\t\t\t\t<\/div>\n\t\t\t\t<\/div>\n\t\t\t\t\t<\/div>\n\t\t<\/div>\n\t\t\t\t\t<\/div>\n\t\t<\/section>\n\t\t\t\t<\/div>","protected":false},"excerpt":{"rendered":"<p>Villa Rental Costa Smeralda Sardinia Costa Smeralda is a stunning destination in Sardinia, known for its crystal clear waters and beautiful beaches. If you&#8217;re planning a trip to this paradise, consider renting a villa. There are many options available, from luxurious spaces with private pools and gardens, to cozy apartments with stunning sea views. Villa [&hellip;]<\/p>\n","protected":false},"author":1,"featured_media":0,"parent":0,"menu_order":0,"comment_status":"closed","ping_status":"closed","template":"","meta":{"_acf_changed":false,"site-sidebar-layout":"default","site-content-layout":"","ast-site-content-layout":"default","site-content-style":"default","site-sidebar-style":"default","ast-global-header-display":"","ast-banner-title-visibility":"","ast-main-header-display":"","ast-hfb-above-header-display":"","ast-hfb-below-header-display":"","ast-hfb-mobile-header-display":"","site-post-title":"","ast-breadcrumbs-content":"","ast-featured-img":"","footer-sml-layout":"","ast-disable-related-posts":"","theme-transparent-header-meta":"","adv-header-id-meta":"","stick-header-meta":"","header-above-stick-meta":"","header-main-stick-meta":"","header-below-stick-meta":"","astra-migrate-meta-layouts":"default","ast-page-background-enabled":"default","ast-page-background-meta":{"desktop":{"background-color":"","background-image":"","background-repeat":"repeat","background-position":"center center","background-size":"auto","background-attachment":"scroll","background-type":"","background-media":"","overlay-type":"","overlay-color":"","overlay-opacity":"","overlay-gradient":""},"tablet":{"background-color":"","background-image":"","background-repeat":"repeat","background-position":"center center","background-size":"auto","background-attachment":"scroll","background-type":"","background-media":"","overlay-type":"","overlay-color":"","overlay-opacity":"","overlay-gradient":""},"mobile":{"background-color":"","background-image":"","background-repeat":"repeat","background-position":"center center","background-size":"auto","background-attachment":"scroll","background-type":"","background-media":"","overlay-type":"","overlay-color":"","overlay-opacity":"","overlay-gradient":""}},"ast-content-background-meta":{"desktop":{"background-color":"var(--ast-global-color-5)","background-image":"","background-repeat":"repeat","background-position":"center center","background-size":"auto","background-attachment":"scroll","background-type":"","background-media":"","overlay-type":"","overlay-color":"","overlay-opacity":"","overlay-gradient":""},"tablet":{"background-color":"var(--ast-global-color-5)","background-image":"","background-repeat":"repeat","background-position":"center center","background-size":"auto","background-attachment":"scroll","background-type":"","background-media":"","overlay-type":"","overlay-color":"","overlay-opacity":"","overlay-gradient":""},"mobile":{"background-color":"var(--ast-global-color-5)","background-image":"","background-repeat":"repeat","background-position":"center center","background-size":"auto","background-attachment":"scroll","background-type":"","background-media":"","overlay-type":"","overlay-color":"","overlay-opacity":"","overlay-gradient":""}},"iawp_total_views":105,"footnotes":""},"class_list":["post-4642","page","type-page","status-publish","hentry"],"acf":[],"_links":{"self":[{"href":"https:\/\/villassardinia.net\/es\/wp-json\/wp\/v2\/pages\/4642","targetHints":{"allow":["GET"]}}],"collection":[{"href":"https:\/\/villassardinia.net\/es\/wp-json\/wp\/v2\/pages"}],"about":[{"href":"https:\/\/villassardinia.net\/es\/wp-json\/wp\/v2\/types\/page"}],"author":[{"embeddable":true,"href":"https:\/\/villassardinia.net\/es\/wp-json\/wp\/v2\/users\/1"}],"replies":[{"embeddable":true,"href":"https:\/\/villassardinia.net\/es\/wp-json\/wp\/v2\/comments?post=4642"}],"version-history":[{"count":0,"href":"https:\/\/villassardinia.net\/es\/wp-json\/wp\/v2\/pages\/4642\/revisions"}],"wp:attachment":[{"href":"https:\/\/villassardinia.net\/es\/wp-json\/wp\/v2\/media?parent=4642"}],"curies":[{"name":"wp","href":"https:\/\/api.w.org\/{rel}","templated":true}]}}