{"id":2021,"date":"2017-12-04T16:45:33","date_gmt":"2017-12-04T16:45:33","guid":{"rendered":"http:\/\/villassardinia.net\/?page_id=2021"},"modified":"2017-12-04T16:45:33","modified_gmt":"2017-12-04T16:45:33","slug":"politica-de-privacidad","status":"publish","type":"page","link":"https:\/\/villassardinia.net\/es\/privacy-policy\/","title":{"rendered":"pol\u00edtica de privacidad"},"content":{"rendered":"<header>\n<div class=\"wrap clearfix\"><\/div>\n<\/header>\n<div id=\"primary\" class=\"main\" role=\"main\">\n<div class=\"wrap clearfix\">\n<div id=\"content\" class=\"content clearfix\">\n<nav class=\"breadcrumbs clearfix\" role=\"navigation\">&nbsp;<\/p>\n<\/nav>\n<section class=\"full-width\">\n<article id=\"page-288\" class=\"post-288 page type-page status-publish hentry static-content\">\n<h1>pol\u00edtica de privacidad<\/h1>\n<p><b>POL\u00cdTICA DE PRIVACIDAD para www.villassardinia.net<\/b><\/p>\n<p>En VillasSardiniaItaly nos comprometemos a salvaguardar y preservar la privacidad de nuestros visitantes.<\/p>\n<p>Esta pol\u00edtica de privacidad del sitio web ha sido facilitada por el recurso jur\u00eddico\u00a0<a href=\"http:\/\/www.diylegals.co.uk\/\" target=\"_blank\" rel=\"noopener\">www.diylegals.co.uk<\/a>\u00a0y revisado y aprobado por sus abogados.<\/p>\n<p>La presente Pol\u00edtica de Privacidad explica qu\u00e9 ocurre con los datos personales que usted nos proporciona o que recopilamos de usted mientras visita nuestro sitio.<\/p>\n<p>Actualizamos esta Pol\u00edtica de vez en cuando, por lo que le rogamos que la revise con regularidad.<\/p>\n<p><b>Informaci\u00f3n que recopilamos<\/b><\/p>\n<p>Para el funcionamiento y mantenimiento de nuestro sitio web, podemos recopilar y procesar los siguientes datos sobre usted:<\/p>\n<ol>\n<li>Informaci\u00f3n sobre su uso de nuestro sitio, incluidos los detalles de sus visitas, como las p\u00e1ginas visitadas y los recursos a los que accede. Dicha informaci\u00f3n incluye datos de tr\u00e1fico, datos de localizaci\u00f3n y otros datos de comunicaci\u00f3n.<\/li>\n<li>Informaci\u00f3n facilitada voluntariamente por usted. Por ejemplo, cuando se registra para obtener informaci\u00f3n o realiza una compra.<\/li>\n<li>La informaci\u00f3n que nos facilite cuando se comunique con nosotros por cualquier medio.<\/li>\n<\/ol>\n<p>&nbsp;<\/p>\n<p><b>Uso de cookies<\/b><\/p>\n<p>Las cookies proporcionan informaci\u00f3n sobre el ordenador utilizado por un visitante. Podemos utilizar cookies cuando sea necesario para recopilar informaci\u00f3n sobre su ordenador con el fin de ayudarnos a mejorar nuestro sitio web.<\/p>\n<p>Podemos recopilar informaci\u00f3n sobre su uso general de Internet mediante el uso de cookies.  Cuando se utilizan, estas cookies se descargan en su ordenador y se almacenan en el disco duro del mismo. Dicha informaci\u00f3n no le identificar\u00e1 personalmente. Se trata de datos estad\u00edsticos. Estos datos estad\u00edsticos no identifican ning\u00fan dato personal.<\/p>\n<p>Si lo desea, puede ajustar la configuraci\u00f3n de su ordenador para rechazar las cookies.  Para ello, active la opci\u00f3n de rechazar cookies en su ordenador.<\/p>\n<p>Nuestros anunciantes tambi\u00e9n pueden utilizar cookies, sobre las que no tenemos ning\u00fan control.  Dichas cookies (si se utilizan) se descargar\u00edan una vez que haga clic en los anuncios de nuestro sitio web.<\/p>\n<p><b>Uso de su informaci\u00f3n<\/b><\/p>\n<p>Utilizamos la informaci\u00f3n que recabamos de usted para prestarle nuestros servicios.  Adem\u00e1s, podemos utilizar la informaci\u00f3n para uno o varios de los siguientes fines:<\/p>\n<ol>\n<li>Para proporcionarle la informaci\u00f3n que nos solicite en relaci\u00f3n con nuestros productos o servicios.<\/li>\n<li>Proporcionarle informaci\u00f3n sobre otros productos que puedan ser de su inter\u00e9s. Dicha informaci\u00f3n adicional s\u00f3lo se facilitar\u00e1 cuando usted haya dado su consentimiento para recibirla.<\/li>\n<li>Para informarle de cualquier cambio en nuestro sitio web, servicios o bienes y productos.<\/li>\n<\/ol>\n<p>Si ya nos ha comprado productos o servicios, podemos proporcionarle informaci\u00f3n sobre productos o servicios similares, u otros productos y servicios que puedan interesarle.<\/p>\n<p>Cuando haya dado su consentimiento por adelantado, podremos permitir que terceros seleccionados utilicen sus datos para que puedan proporcionarle informaci\u00f3n sobre bienes y servicios no relacionados que creamos que puedan interesarle.  Cuando haya dado su consentimiento, podr\u00e1 revocarlo en cualquier momento.<\/p>\n<p><b>Almacenamiento de datos personales<\/b><\/p>\n<p>En el funcionamiento de nuestro sitio web puede resultar necesario transferir los datos que recabamos de usted a lugares fuera de la Uni\u00f3n Europea para su tratamiento y almacenamiento. Al facilitarnos sus datos personales, usted acepta esta transferencia, almacenamiento o tratamiento. Hacemos todo lo posible para garantizar que se toman todas las medidas razonables para asegurar que sus datos se tratan y almacenan de forma segura.<\/p>\n<p>Lamentablemente, el env\u00edo de informaci\u00f3n a trav\u00e9s de Internet no es totalmente seguro y, en ocasiones, dicha informaci\u00f3n puede ser interceptada. No podemos garantizar la seguridad de los datos que decida enviarnos por v\u00eda electr\u00f3nica, por lo que el env\u00edo de dicha informaci\u00f3n corre por su cuenta y riesgo.<\/p>\n<p><b>Divulgaci\u00f3n de sus datos<\/b><\/p>\n<p>No revelaremos sus datos personales a terceros salvo de conformidad con la presente Pol\u00edtica de Privacidad y en las circunstancias que se detallan a continuaci\u00f3n:<\/p>\n<ol>\n<li>En caso de que vendamos una parte o la totalidad de nuestro negocio al comprador.<\/li>\n<li>Cuando la ley nos obligue a revelar sus datos personales.<\/li>\n<li>Aumentar la protecci\u00f3n contra el fraude y reducir el riesgo de fraude.<\/li>\n<\/ol>\n<p align=\"left\"><b>Enlaces de terceros<br \/>\n<\/b>En ocasiones incluimos enlaces a terceros en este sitio web. La inclusi\u00f3n de un enlace no significa que apoyemos o aprobemos la pol\u00edtica de privacidad de ese sitio web. Le recomendamos que consulte su pol\u00edtica de privacidad antes de enviarles datos personales.<\/p>\n<p><b>Acceso a la informaci\u00f3n<\/b><\/p>\n<p>De conformidad con la Ley de Protecci\u00f3n de Datos de 1998, tiene derecho a acceder a cualquier informaci\u00f3n que tengamos sobre usted. Tenga en cuenta que nos reservamos el derecho a cobrar una tasa de 10 libras esterlinas para cubrir los gastos en que incurramos al facilitarle la informaci\u00f3n.<\/p>\n<p><b>Contacto<\/b><\/p>\n<p>No dude en ponerse en contacto con nosotros para cualquier asunto relacionado con esta Pol\u00edtica de Privacidad en\u00a0<strong>info@villas.cayennepepperdesign.com<\/strong><\/p>\n<\/article>\n<\/section>\n<\/div>\n<\/div>\n<\/div>\n<footer>\n<div id=\"footer-sidebar\" class=\"footer-sidebar widget-area wrap clearfix\" role=\"complementary\">\n<p>&nbsp;<\/p>\n<\/div>\n<div class=\"wrap clearfix\"><\/div>\n<\/footer>","protected":false},"excerpt":{"rendered":"<p>&nbsp; Privacy Policy PRIVACY POLICY for www.villassardinia.net At VillasSardiniaItaly\u00a0we are committed to safeguarding and preserving the privacy of our visitors. This Website Privacy Policy has been provided by the legal resource\u00a0www.diylegals.co.uk\u00a0and reviewed and approved by their solicitors. This Privacy Policy explains what happens to any personal data that you provide to us, or that we [&hellip;]<\/p>\n","protected":false},"author":1,"featured_media":0,"parent":0,"menu_order":0,"comment_status":"closed","ping_status":"closed","template":"","meta":{"_acf_changed":false,"site-sidebar-layout":"default","site-content-layout":"","ast-site-content-layout":"default","site-content-style":"default","site-sidebar-style":"default","ast-global-header-display":"","ast-banner-title-visibility":"","ast-main-header-display":"","ast-hfb-above-header-display":"","ast-hfb-below-header-display":"","ast-hfb-mobile-header-display":"","site-post-title":"","ast-breadcrumbs-content":"","ast-featured-img":"","footer-sml-layout":"","ast-disable-related-posts":"","theme-transparent-header-meta":"","adv-header-id-meta":"","stick-header-meta":"","header-above-stick-meta":"","header-main-stick-meta":"","header-below-stick-meta":"","astra-migrate-meta-layouts":"default","ast-page-background-enabled":"default","ast-page-background-meta":{"desktop":{"background-color":"","background-image":"","background-repeat":"repeat","background-position":"center center","background-size":"auto","background-attachment":"scroll","background-type":"","background-media":"","overlay-type":"","overlay-color":"","overlay-opacity":"","overlay-gradient":""},"tablet":{"background-color":"","background-image":"","background-repeat":"repeat","background-position":"center center","background-size":"auto","background-attachment":"scroll","background-type":"","background-media":"","overlay-type":"","overlay-color":"","overlay-opacity":"","overlay-gradient":""},"mobile":{"background-color":"","background-image":"","background-repeat":"repeat","background-position":"center center","background-size":"auto","background-attachment":"scroll","background-type":"","background-media":"","overlay-type":"","overlay-color":"","overlay-opacity":"","overlay-gradient":""}},"ast-content-background-meta":{"desktop":{"background-color":"var(--ast-global-color-5)","background-image":"","background-repeat":"repeat","background-position":"center center","background-size":"auto","background-attachment":"scroll","background-type":"","background-media":"","overlay-type":"","overlay-color":"","overlay-opacity":"","overlay-gradient":""},"tablet":{"background-color":"var(--ast-global-color-5)","background-image":"","background-repeat":"repeat","background-position":"center center","background-size":"auto","background-attachment":"scroll","background-type":"","background-media":"","overlay-type":"","overlay-color":"","overlay-opacity":"","overlay-gradient":""},"mobile":{"background-color":"var(--ast-global-color-5)","background-image":"","background-repeat":"repeat","background-position":"center center","background-size":"auto","background-attachment":"scroll","background-type":"","background-media":"","overlay-type":"","overlay-color":"","overlay-opacity":"","overlay-gradient":""}},"iawp_total_views":27,"footnotes":""},"class_list":["post-2021","page","type-page","status-publish","hentry"],"acf":[],"_links":{"self":[{"href":"https:\/\/villassardinia.net\/es\/wp-json\/wp\/v2\/pages\/2021","targetHints":{"allow":["GET"]}}],"collection":[{"href":"https:\/\/villassardinia.net\/es\/wp-json\/wp\/v2\/pages"}],"about":[{"href":"https:\/\/villassardinia.net\/es\/wp-json\/wp\/v2\/types\/page"}],"author":[{"embeddable":true,"href":"https:\/\/villassardinia.net\/es\/wp-json\/wp\/v2\/users\/1"}],"replies":[{"embeddable":true,"href":"https:\/\/villassardinia.net\/es\/wp-json\/wp\/v2\/comments?post=2021"}],"version-history":[{"count":0,"href":"https:\/\/villassardinia.net\/es\/wp-json\/wp\/v2\/pages\/2021\/revisions"}],"wp:attachment":[{"href":"https:\/\/villassardinia.net\/es\/wp-json\/wp\/v2\/media?parent=2021"}],"curies":[{"name":"wp","href":"https:\/\/api.w.org\/{rel}","templated":true}]}}