{"id":4965,"date":"2023-05-11T10:16:18","date_gmt":"2023-05-11T10:16:18","guid":{"rendered":"https:\/\/villassardinia.net\/?page_id=4965"},"modified":"2025-01-24T15:12:59","modified_gmt":"2025-01-24T15:12:59","slug":"villa-rental-stintino","status":"publish","type":"page","link":"https:\/\/villassardinia.net\/de\/villenvermietung-stintino\/","title":{"rendered":"Villa zu vermieten Stintino"},"content":{"rendered":"<div data-elementor-type=\"wp-page\" data-elementor-id=\"4965\" class=\"elementor elementor-4965\">\n\t\t\t\t\t\t<section class=\"elementor-section elementor-top-section elementor-element elementor-element-b62ceff elementor-section-boxed elementor-section-height-default elementor-section-height-default\" data-id=\"b62ceff\" data-element_type=\"section\" data-e-type=\"section\">\n\t\t\t\t\t\t<div class=\"elementor-container elementor-column-gap-default\">\n\t\t\t\t\t<div class=\"elementor-column elementor-col-100 elementor-top-column elementor-element elementor-element-0d99ad8\" data-id=\"0d99ad8\" data-element_type=\"column\" data-e-type=\"column\">\n\t\t\t<div class=\"elementor-widget-wrap elementor-element-populated\">\n\t\t\t\t\t\t<div class=\"elementor-element elementor-element-bf31880 elementor-widget elementor-widget-text-editor\" data-id=\"bf31880\" data-element_type=\"widget\" data-e-type=\"widget\" data-widget_type=\"text-editor.default\">\n\t\t\t\t<div class=\"elementor-widget-container\">\n\t\t\t\t\t\t\t\t\t<h1>Villa zu vermieten Stintino<\/h1>\t\t\t\t\t\t\t\t<\/div>\n\t\t\t\t<\/div>\n\t\t\t\t<div class=\"elementor-element elementor-element-0cf5cb7 elementor-widget elementor-widget-text-editor\" data-id=\"0cf5cb7\" data-element_type=\"widget\" data-e-type=\"widget\" data-widget_type=\"text-editor.default\">\n\t\t\t\t<div class=\"elementor-widget-container\">\n\t\t\t\t\t\t\t\t\t<h3>Stintino ist eine kleine Stadt im nordwestlichen Teil der italienischen Insel Sardinien. Sie ist bei Touristen wegen ihrer herrlichen Str\u00e4nde, des klaren Wassers und der nat\u00fcrlichen Sch\u00f6nheit beliebt.<\/h3><p>Eine der besten M\u00f6glichkeiten, die Stadt und ihre Umgebung zu erleben, ist die Anmietung einer Villa. Das Mieten einer Villa in Stintino bietet den Besuchern ein Gef\u00fchl von Privatsph\u00e4re und Ruhe, was es zu einer idealen Option f\u00fcr Familien, Paare oder Gruppen von Freunden macht.<br \/><br \/>Die Villen in Stintino sind mit allen modernen Annehmlichkeiten ausgestattet, darunter Wi-Fi, Klimaanlage und Au\u00dfenbereiche mit herrlicher Aussicht. Sie befinden sich oft in ruhigen Gegenden, umgeben von \u00fcppiger mediterraner Vegetation, mit privaten Pools und G\u00e4rten.<br \/><br \/>Eine Villa in Stintino ist ideal f\u00fcr alle, die einen ruhigen und erholsamen Urlaub abseits des st\u00e4dtischen Trubels suchen. Es ist auch der perfekte Ausgangspunkt f\u00fcr die Erkundung der sch\u00f6nen Str\u00e4nde, Buchten und nahe gelegenen Attraktionen, wie dem atemberaubenden Asinara-Nationalpark.<\/p>\t\t\t\t\t\t\t\t<\/div>\n\t\t\t\t<\/div>\n\t\t\t\t\t<\/div>\n\t\t<\/div>\n\t\t\t\t\t<\/div>\n\t\t<\/section>\n\t\t\t\t<\/div>","protected":false},"excerpt":{"rendered":"<p>Villa Rental Stintino Stintino is a small town located in the northwestern part of the Italian island of Sardinia. It is popular among tourists for its stunning beaches, clear waters, and natural beauty. One of the best ways to experience the town and the surrounding areas is by renting a villa. Villa rental in Stintino [&hellip;]<\/p>\n","protected":false},"author":1,"featured_media":6101,"parent":0,"menu_order":0,"comment_status":"closed","ping_status":"closed","template":"","meta":{"_acf_changed":false,"site-sidebar-layout":"default","site-content-layout":"","ast-site-content-layout":"default","site-content-style":"default","site-sidebar-style":"default","ast-global-header-display":"","ast-banner-title-visibility":"","ast-main-header-display":"","ast-hfb-above-header-display":"","ast-hfb-below-header-display":"","ast-hfb-mobile-header-display":"","site-post-title":"","ast-breadcrumbs-content":"","ast-featured-img":"","footer-sml-layout":"","ast-disable-related-posts":"","theme-transparent-header-meta":"","adv-header-id-meta":"","stick-header-meta":"","header-above-stick-meta":"","header-main-stick-meta":"","header-below-stick-meta":"","astra-migrate-meta-layouts":"default","ast-page-background-enabled":"default","ast-page-background-meta":{"desktop":{"background-color":"","background-image":"","background-repeat":"repeat","background-position":"center center","background-size":"auto","background-attachment":"scroll","background-type":"","background-media":"","overlay-type":"","overlay-color":"","overlay-opacity":"","overlay-gradient":""},"tablet":{"background-color":"","background-image":"","background-repeat":"repeat","background-position":"center center","background-size":"auto","background-attachment":"scroll","background-type":"","background-media":"","overlay-type":"","overlay-color":"","overlay-opacity":"","overlay-gradient":""},"mobile":{"background-color":"","background-image":"","background-repeat":"repeat","background-position":"center center","background-size":"auto","background-attachment":"scroll","background-type":"","background-media":"","overlay-type":"","overlay-color":"","overlay-opacity":"","overlay-gradient":""}},"ast-content-background-meta":{"desktop":{"background-color":"var(--ast-global-color-5)","background-image":"","background-repeat":"repeat","background-position":"center center","background-size":"auto","background-attachment":"scroll","background-type":"","background-media":"","overlay-type":"","overlay-color":"","overlay-opacity":"","overlay-gradient":""},"tablet":{"background-color":"var(--ast-global-color-5)","background-image":"","background-repeat":"repeat","background-position":"center center","background-size":"auto","background-attachment":"scroll","background-type":"","background-media":"","overlay-type":"","overlay-color":"","overlay-opacity":"","overlay-gradient":""},"mobile":{"background-color":"var(--ast-global-color-5)","background-image":"","background-repeat":"repeat","background-position":"center center","background-size":"auto","background-attachment":"scroll","background-type":"","background-media":"","overlay-type":"","overlay-color":"","overlay-opacity":"","overlay-gradient":""}},"iawp_total_views":83,"footnotes":""},"class_list":["post-4965","page","type-page","status-publish","has-post-thumbnail","hentry"],"acf":[],"_links":{"self":[{"href":"https:\/\/villassardinia.net\/de\/wp-json\/wp\/v2\/pages\/4965","targetHints":{"allow":["GET"]}}],"collection":[{"href":"https:\/\/villassardinia.net\/de\/wp-json\/wp\/v2\/pages"}],"about":[{"href":"https:\/\/villassardinia.net\/de\/wp-json\/wp\/v2\/types\/page"}],"author":[{"embeddable":true,"href":"https:\/\/villassardinia.net\/de\/wp-json\/wp\/v2\/users\/1"}],"replies":[{"embeddable":true,"href":"https:\/\/villassardinia.net\/de\/wp-json\/wp\/v2\/comments?post=4965"}],"version-history":[{"count":0,"href":"https:\/\/villassardinia.net\/de\/wp-json\/wp\/v2\/pages\/4965\/revisions"}],"wp:featuredmedia":[{"embeddable":true,"href":"https:\/\/villassardinia.net\/de\/wp-json\/wp\/v2\/media\/6101"}],"wp:attachment":[{"href":"https:\/\/villassardinia.net\/de\/wp-json\/wp\/v2\/media?parent=4965"}],"curies":[{"name":"wp","href":"https:\/\/api.w.org\/{rel}","templated":true}]}}